{"id":2105,"date":"2025-10-25T12:37:55","date_gmt":"2025-10-25T18:37:55","guid":{"rendered":"https:\/\/idtholistico.com\/?post_type=product&#038;p=2105"},"modified":"2025-10-25T12:37:55","modified_gmt":"2025-10-25T18:37:55","slug":"recursos-gratuitos","status":"publish","type":"product","link":"https:\/\/idtholistico.com\/es\/productos\/recursos-gratuitos\/","title":{"rendered":"Recursos Gratuitos"},"content":{"rendered":"","protected":false},"excerpt":{"rendered":"<h2>Transforma tu vida con Recursos Gratuitos<\/h2>\n<p>\u00a1Explora una cuidada selecci\u00f3n de recursos <strong><span style=\"color: #800000;\">sin costo alguno!<\/span><\/strong><\/p>\n<p>Dise\u00f1ados para ayudarte a encontrar equilibrio, paz y crecimiento personal. Cada elemento dentro de esta colecci\u00f3n est\u00e1 cuidadosamente elaborado para potenciar tu bienestar y alimentar tu esp\u00edritu, desde gu\u00edas de meditaci\u00f3n hasta plantillas dise\u00f1adas para el uso cotidiano.<\/p>\n<h2>Herramientas pr\u00e1cticas para tu d\u00eda a d\u00eda<\/h2>\n<p>Entre nuestros recursos se encuentran plantillas editables que facilitan la organizaci\u00f3n personal y profesional. Estas plantillas est\u00e1n dise\u00f1adas pensando en tu comodidad, permiti\u00e9ndote adaptarlas a tus necesidades espec\u00edficas. Adem\u00e1s, los micro-cursos que ofrecemos abordan temas actuales e importantes, asegurando que encuentres contenido enriquecedor y aplicable en tu vida cotidiana.<\/p>\n<h2>Conecta con tu espiritualidad<\/h2>\n<p>Si buscas profundizar en tu conexi\u00f3n espiritual, nuestra amplia gama de cursos y gu\u00edas de meditaci\u00f3n son ideales para ti. Descubre t\u00e9cnicas \u00fanicas y enfoques modernos para practicar la meditaci\u00f3n, liberar estr\u00e9s y conectar con tu esencia m\u00e1s profunda. Estos recursos est\u00e1n concebidos para proporcionar herramientas transformadoras que te ayuden a lograr bienestar emocional y mental en tu rutina diaria.<\/p>\n<p>En esta colecci\u00f3n encontrar\u00e1s todo lo necesario para empezar tu viaje hacia una vida m\u00e1s enriquecedora y espiritual. No dejes pasar la oportunidad de acceder a recursos gratuitos que te inspiran y te empoderan.<\/p>\n<p style=\"text-align: center;\"><em><strong>\u00a1La espiritualidad en toda su m\u00e1xima expresi\u00f3n te espera!<\/strong><\/em><\/p>","protected":false},"featured_media":2106,"comment_status":"closed","ping_status":"closed","template":"","meta":[],"product_brand":[],"product_cat":[55],"product_tag":[],"class_list":{"0":"post-2105","1":"product","2":"type-product","3":"status-publish","4":"has-post-thumbnail","6":"product_cat-recursos-gratuitos","8":"first","9":"instock","10":"shipping-taxable","11":"product-type-external"},"yoast_head":"<!-- This site is optimized with the Yoast SEO plugin v26.4 - https:\/\/yoast.com\/wordpress\/plugins\/seo\/ -->\n<title>Recursos Gratuitos - Impulso de Talentos Holistico<\/title>\n<meta name=\"description\" content=\"En esta colecci\u00f3n encontrar\u00e1s todo lo necesario para empezar tu viaje hacia una vida m\u00e1s enriquecedora y espiritual. Explora un mundo de conocimiento...\" \/>\n<meta name=\"robots\" content=\"index, follow, max-snippet:-1, max-image-preview:large, max-video-preview:-1\" \/>\n<link rel=\"canonical\" href=\"https:\/\/idtholistico.com\/es\/productos\/recursos-gratuitos\/\" \/>\n<meta property=\"og:locale\" content=\"es_MX\" \/>\n<meta property=\"og:type\" content=\"article\" \/>\n<meta property=\"og:title\" content=\"Recursos Gratuitos - Impulso de Talentos Holistico\" \/>\n<meta property=\"og:description\" content=\"En esta colecci\u00f3n encontrar\u00e1s todo lo necesario para empezar tu viaje hacia una vida m\u00e1s enriquecedora y espiritual. Explora un mundo de conocimiento...\" \/>\n<meta property=\"og:url\" content=\"https:\/\/idtholistico.com\/es\/productos\/recursos-gratuitos\/\" \/>\n<meta property=\"og:site_name\" content=\"Impulso de Talentos Holistico\" \/>\n<meta property=\"og:image\" content=\"https:\/\/idtholistico.com\/wp-content\/uploads\/2025\/10\/Producto-contenido-gratuito.png\" \/>\n\t<meta property=\"og:image:width\" content=\"1080\" \/>\n\t<meta property=\"og:image:height\" content=\"1080\" \/>\n\t<meta property=\"og:image:type\" content=\"image\/png\" \/>\n<script type=\"application\/ld+json\" class=\"yoast-schema-graph\">{\"@context\":\"https:\/\/schema.org\",\"@graph\":[{\"@type\":\"WebPage\",\"@id\":\"https:\/\/idtholistico.com\/productos\/recursos-gratuitos\/\",\"url\":\"https:\/\/idtholistico.com\/productos\/recursos-gratuitos\/\",\"name\":\"Recursos Gratuitos - Impulso de Talentos Holistico\",\"isPartOf\":{\"@id\":\"https:\/\/idtholistico.com\/#website\"},\"primaryImageOfPage\":{\"@id\":\"https:\/\/idtholistico.com\/productos\/recursos-gratuitos\/#primaryimage\"},\"image\":{\"@id\":\"https:\/\/idtholistico.com\/productos\/recursos-gratuitos\/#primaryimage\"},\"thumbnailUrl\":\"https:\/\/idtholistico.com\/wp-content\/uploads\/2025\/10\/Producto-contenido-gratuito.png\",\"datePublished\":\"2025-10-25T18:37:55+00:00\",\"description\":\"En esta colecci\u00f3n encontrar\u00e1s todo lo necesario para empezar tu viaje hacia una vida m\u00e1s enriquecedora y espiritual. Explora un mundo de conocimiento...\",\"breadcrumb\":{\"@id\":\"https:\/\/idtholistico.com\/productos\/recursos-gratuitos\/#breadcrumb\"},\"inLanguage\":\"es\",\"potentialAction\":[{\"@type\":\"ReadAction\",\"target\":[\"https:\/\/idtholistico.com\/productos\/recursos-gratuitos\/\"]}]},{\"@type\":\"ImageObject\",\"inLanguage\":\"es\",\"@id\":\"https:\/\/idtholistico.com\/productos\/recursos-gratuitos\/#primaryimage\",\"url\":\"https:\/\/idtholistico.com\/wp-content\/uploads\/2025\/10\/Producto-contenido-gratuito.png\",\"contentUrl\":\"https:\/\/idtholistico.com\/wp-content\/uploads\/2025\/10\/Producto-contenido-gratuito.png\",\"width\":1080,\"height\":1080},{\"@type\":\"BreadcrumbList\",\"@id\":\"https:\/\/idtholistico.com\/productos\/recursos-gratuitos\/#breadcrumb\",\"itemListElement\":[{\"@type\":\"ListItem\",\"position\":1,\"name\":\"Portada\",\"item\":\"https:\/\/idtholistico.com\/\"},{\"@type\":\"ListItem\",\"position\":2,\"name\":\"PRODUCTOS\",\"item\":\"https:\/\/idtholistico.com\/productos\/\"},{\"@type\":\"ListItem\",\"position\":3,\"name\":\"Recursos Gratuitos\"}]},{\"@type\":\"WebSite\",\"@id\":\"https:\/\/idtholistico.com\/#website\",\"url\":\"https:\/\/idtholistico.com\/\",\"name\":\"www.idtholistico.com\",\"description\":\"Guiando tu camino hacia el desarrollo personal y espiritual\",\"publisher\":{\"@id\":\"https:\/\/idtholistico.com\/#organization\"},\"potentialAction\":[{\"@type\":\"SearchAction\",\"target\":{\"@type\":\"EntryPoint\",\"urlTemplate\":\"https:\/\/idtholistico.com\/?s={search_term_string}\"},\"query-input\":{\"@type\":\"PropertyValueSpecification\",\"valueRequired\":true,\"valueName\":\"search_term_string\"}}],\"inLanguage\":\"es\"},{\"@type\":\"Organization\",\"@id\":\"https:\/\/idtholistico.com\/#organization\",\"name\":\"Impulso de Talentos Holistico\",\"url\":\"https:\/\/idtholistico.com\/\",\"logo\":{\"@type\":\"ImageObject\",\"inLanguage\":\"es\",\"@id\":\"https:\/\/idtholistico.com\/#\/schema\/logo\/image\/\",\"url\":\"https:\/\/idtholistico.com\/wp-content\/uploads\/2025\/10\/LOGO-IDT-NUEVO-2025.png\",\"contentUrl\":\"https:\/\/idtholistico.com\/wp-content\/uploads\/2025\/10\/LOGO-IDT-NUEVO-2025.png\",\"width\":500,\"height\":500,\"caption\":\"Impulso de Talentos Holistico\"},\"image\":{\"@id\":\"https:\/\/idtholistico.com\/#\/schema\/logo\/image\/\"},\"sameAs\":[\"https:\/\/www.tiktok.com\/@impulsodetalentos\",\"https:\/\/www.youtube.com\/@impulsodetalentos\"]}]}<\/script>\n<!-- \/ Yoast SEO plugin. -->","yoast_head_json":{"title":"Recursos Gratuitos - Impulso de Talentos Holistico","description":"En esta colecci\u00f3n encontrar\u00e1s todo lo necesario para empezar tu viaje hacia una vida m\u00e1s enriquecedora y espiritual. Explora un mundo de conocimiento...","robots":{"index":"index","follow":"follow","max-snippet":"max-snippet:-1","max-image-preview":"max-image-preview:large","max-video-preview":"max-video-preview:-1"},"canonical":"https:\/\/idtholistico.com\/es\/productos\/recursos-gratuitos\/","og_locale":"es_MX","og_type":"article","og_title":"Recursos Gratuitos - Impulso de Talentos Holistico","og_description":"En esta colecci\u00f3n encontrar\u00e1s todo lo necesario para empezar tu viaje hacia una vida m\u00e1s enriquecedora y espiritual. Explora un mundo de conocimiento...","og_url":"https:\/\/idtholistico.com\/es\/productos\/recursos-gratuitos\/","og_site_name":"Impulso de Talentos Holistico","og_image":[{"width":1080,"height":1080,"url":"https:\/\/idtholistico.com\/wp-content\/uploads\/2025\/10\/Producto-contenido-gratuito.png","type":"image\/png"}],"schema":{"@context":"https:\/\/schema.org","@graph":[{"@type":"WebPage","@id":"https:\/\/idtholistico.com\/productos\/recursos-gratuitos\/","url":"https:\/\/idtholistico.com\/productos\/recursos-gratuitos\/","name":"Recursos Gratuitos - Impulso de Talentos Holistico","isPartOf":{"@id":"https:\/\/idtholistico.com\/#website"},"primaryImageOfPage":{"@id":"https:\/\/idtholistico.com\/productos\/recursos-gratuitos\/#primaryimage"},"image":{"@id":"https:\/\/idtholistico.com\/productos\/recursos-gratuitos\/#primaryimage"},"thumbnailUrl":"https:\/\/idtholistico.com\/wp-content\/uploads\/2025\/10\/Producto-contenido-gratuito.png","datePublished":"2025-10-25T18:37:55+00:00","description":"En esta colecci\u00f3n encontrar\u00e1s todo lo necesario para empezar tu viaje hacia una vida m\u00e1s enriquecedora y espiritual. Explora un mundo de conocimiento...","breadcrumb":{"@id":"https:\/\/idtholistico.com\/productos\/recursos-gratuitos\/#breadcrumb"},"inLanguage":"es","potentialAction":[{"@type":"ReadAction","target":["https:\/\/idtholistico.com\/productos\/recursos-gratuitos\/"]}]},{"@type":"ImageObject","inLanguage":"es","@id":"https:\/\/idtholistico.com\/productos\/recursos-gratuitos\/#primaryimage","url":"https:\/\/idtholistico.com\/wp-content\/uploads\/2025\/10\/Producto-contenido-gratuito.png","contentUrl":"https:\/\/idtholistico.com\/wp-content\/uploads\/2025\/10\/Producto-contenido-gratuito.png","width":1080,"height":1080},{"@type":"BreadcrumbList","@id":"https:\/\/idtholistico.com\/productos\/recursos-gratuitos\/#breadcrumb","itemListElement":[{"@type":"ListItem","position":1,"name":"Portada","item":"https:\/\/idtholistico.com\/"},{"@type":"ListItem","position":2,"name":"PRODUCTOS","item":"https:\/\/idtholistico.com\/productos\/"},{"@type":"ListItem","position":3,"name":"Recursos Gratuitos"}]},{"@type":"WebSite","@id":"https:\/\/idtholistico.com\/#website","url":"https:\/\/idtholistico.com\/","name":"www.idtholistico.com","description":"Guiando tu camino hacia el desarrollo personal y espiritual","publisher":{"@id":"https:\/\/idtholistico.com\/#organization"},"potentialAction":[{"@type":"SearchAction","target":{"@type":"EntryPoint","urlTemplate":"https:\/\/idtholistico.com\/?s={search_term_string}"},"query-input":{"@type":"PropertyValueSpecification","valueRequired":true,"valueName":"search_term_string"}}],"inLanguage":"es"},{"@type":"Organization","@id":"https:\/\/idtholistico.com\/#organization","name":"Impulso de Talentos Holistico","url":"https:\/\/idtholistico.com\/","logo":{"@type":"ImageObject","inLanguage":"es","@id":"https:\/\/idtholistico.com\/#\/schema\/logo\/image\/","url":"https:\/\/idtholistico.com\/wp-content\/uploads\/2025\/10\/LOGO-IDT-NUEVO-2025.png","contentUrl":"https:\/\/idtholistico.com\/wp-content\/uploads\/2025\/10\/LOGO-IDT-NUEVO-2025.png","width":500,"height":500,"caption":"Impulso de Talentos Holistico"},"image":{"@id":"https:\/\/idtholistico.com\/#\/schema\/logo\/image\/"},"sameAs":["https:\/\/www.tiktok.com\/@impulsodetalentos","https:\/\/www.youtube.com\/@impulsodetalentos"]}]}},"_links":{"self":[{"href":"https:\/\/idtholistico.com\/es\/wp-json\/wp\/v2\/product\/2105","targetHints":{"allow":["GET"]}}],"collection":[{"href":"https:\/\/idtholistico.com\/es\/wp-json\/wp\/v2\/product"}],"about":[{"href":"https:\/\/idtholistico.com\/es\/wp-json\/wp\/v2\/types\/product"}],"replies":[{"embeddable":true,"href":"https:\/\/idtholistico.com\/es\/wp-json\/wp\/v2\/comments?post=2105"}],"wp:featuredmedia":[{"embeddable":true,"href":"https:\/\/idtholistico.com\/es\/wp-json\/wp\/v2\/media\/2106"}],"wp:attachment":[{"href":"https:\/\/idtholistico.com\/es\/wp-json\/wp\/v2\/media?parent=2105"}],"wp:term":[{"taxonomy":"product_brand","embeddable":true,"href":"https:\/\/idtholistico.com\/es\/wp-json\/wp\/v2\/product_brand?post=2105"},{"taxonomy":"product_cat","embeddable":true,"href":"https:\/\/idtholistico.com\/es\/wp-json\/wp\/v2\/product_cat?post=2105"},{"taxonomy":"product_tag","embeddable":true,"href":"https:\/\/idtholistico.com\/es\/wp-json\/wp\/v2\/product_tag?post=2105"}],"curies":[{"name":"wp","href":"https:\/\/api.w.org\/{rel}","templated":true}]}}