{"id":125,"date":"2025-10-25T08:35:03","date_gmt":"2025-10-25T14:35:03","guid":{"rendered":"https:\/\/startersites.io\/blocksy\/barber-shop\/?post_type=product&#038;p=125"},"modified":"2025-10-31T21:30:52","modified_gmt":"2025-11-01T03:30:52","slug":"mentoria-transformacional","status":"publish","type":"product","link":"https:\/\/idtholistico.com\/es\/productos\/mentoria-transformacional\/","title":{"rendered":"Mentor\u00eda Transformacional"},"content":{"rendered":"","protected":false},"excerpt":{"rendered":"<h2>Descubre una Mentor\u00eda que Transforma<\/h2>\n<p>Lleva tu desarrollo personal al siguiente nivel con nuestra exclusiva mentor\u00eda orientada a resultados. Este programa se estructura en cuatro semanas, con sesiones en l\u00ednea de 60 minutos una vez a la semana, dise\u00f1adas especialmente para ayudarte a superar bloqueos y alcanzar tu m\u00e1ximo potencial. Es m\u00e1s que solo una conversaci\u00f3n, es un compromiso activo con tu crecimiento.<\/p>\n<h2>Enfoque en Acci\u00f3n y Responsabilidad<\/h2>\n<p>Cada semana recibir\u00e1s una gu\u00eda pr\u00e1ctica de objetivos que te mantendr\u00e1 encaminado y enfocado. Este m\u00e9todo te impulsa a tomar responsabilidad sobre tus avances mientras trabajas hacia un mejor entendimiento de ti mismo y tus metas. No importa cu\u00e1les sean tus desaf\u00edos, tendr\u00e1s las herramientas para enfrentarlos con confianza y claridad.<\/p>\n<h2>Viviendo Tu Verdad<\/h2>\n<p>Este programa no solo se centra en la superaci\u00f3n de bloqueos, sino tambi\u00e9n en explorar y asumir tu poder interior. La mentor\u00eda te ayudar\u00e1 a descubrir tu verdadera esencia y aprender a vivir con autenticidad, liber\u00e1ndote de limitaciones para que puedas experimentar una vida m\u00e1s plena y satisfactoria.<\/p>\n<p><em><strong>Haz un cambio duradero en tus h\u00e1bitos, perspectivas y enfoque con mentor\u00eda personalizada que gu\u00eda tu transformaci\u00f3n paso a paso.<\/strong><\/em><\/p>","protected":false},"featured_media":1473,"comment_status":"open","ping_status":"closed","template":"","meta":[],"product_brand":[],"product_cat":[21],"product_tag":[],"class_list":{"0":"post-125","1":"product","2":"type-product","3":"status-publish","4":"has-post-thumbnail","6":"product_cat-mentoria-espiritual","8":"first","9":"instock","10":"featured","11":"shipping-taxable","12":"product-type-external"},"yoast_head":"<!-- This site is optimized with the Yoast SEO plugin v26.4 - https:\/\/yoast.com\/wordpress\/plugins\/seo\/ -->\n<title>Mentor\u00eda Transformacional - Impulso de Talentos Holistico<\/title>\n<meta name=\"description\" content=\"En 4 semanas adquiere herramientas pr\u00e1cticas y enfoque personalizado para ayudarte a tomar acci\u00f3n, superar bloqueos internos y asumir tu verdadero poder.\" \/>\n<meta name=\"robots\" content=\"index, follow, max-snippet:-1, max-image-preview:large, max-video-preview:-1\" \/>\n<link rel=\"canonical\" href=\"https:\/\/idtholistico.com\/es\/productos\/mentoria-transformacional\/\" \/>\n<meta property=\"og:locale\" content=\"es_MX\" \/>\n<meta property=\"og:type\" content=\"article\" \/>\n<meta property=\"og:title\" content=\"Mentor\u00eda Transformacional - Impulso de Talentos Holistico\" \/>\n<meta property=\"og:description\" content=\"En 4 semanas adquiere herramientas pr\u00e1cticas y enfoque personalizado para ayudarte a tomar acci\u00f3n, superar bloqueos internos y asumir tu verdadero poder.\" \/>\n<meta property=\"og:url\" content=\"https:\/\/idtholistico.com\/es\/productos\/mentoria-transformacional\/\" \/>\n<meta property=\"og:site_name\" content=\"Impulso de Talentos Holistico\" \/>\n<meta property=\"article:modified_time\" content=\"2025-11-01T03:30:52+00:00\" \/>\n<meta property=\"og:image\" content=\"https:\/\/idtholistico.com\/wp-content\/uploads\/2025\/10\/Mentoria-Coercitiva-1.png\" \/>\n\t<meta property=\"og:image:width\" content=\"1080\" \/>\n\t<meta property=\"og:image:height\" content=\"1080\" \/>\n\t<meta property=\"og:image:type\" content=\"image\/png\" \/>\n<script type=\"application\/ld+json\" class=\"yoast-schema-graph\">{\"@context\":\"https:\/\/schema.org\",\"@graph\":[{\"@type\":\"WebPage\",\"@id\":\"https:\/\/idtholistico.com\/productos\/mentoria-transformacional\/\",\"url\":\"https:\/\/idtholistico.com\/productos\/mentoria-transformacional\/\",\"name\":\"Mentor\u00eda Transformacional - Impulso de Talentos Holistico\",\"isPartOf\":{\"@id\":\"https:\/\/idtholistico.com\/#website\"},\"primaryImageOfPage\":{\"@id\":\"https:\/\/idtholistico.com\/productos\/mentoria-transformacional\/#primaryimage\"},\"image\":{\"@id\":\"https:\/\/idtholistico.com\/productos\/mentoria-transformacional\/#primaryimage\"},\"thumbnailUrl\":\"https:\/\/idtholistico.com\/wp-content\/uploads\/2025\/10\/Mentoria-Coercitiva-1.png\",\"datePublished\":\"2025-10-25T14:35:03+00:00\",\"dateModified\":\"2025-11-01T03:30:52+00:00\",\"description\":\"En 4 semanas adquiere herramientas pr\u00e1cticas y enfoque personalizado para ayudarte a tomar acci\u00f3n, superar bloqueos internos y asumir tu verdadero poder.\",\"breadcrumb\":{\"@id\":\"https:\/\/idtholistico.com\/productos\/mentoria-transformacional\/#breadcrumb\"},\"inLanguage\":\"es\",\"potentialAction\":[{\"@type\":\"ReadAction\",\"target\":[\"https:\/\/idtholistico.com\/productos\/mentoria-transformacional\/\"]}]},{\"@type\":\"ImageObject\",\"inLanguage\":\"es\",\"@id\":\"https:\/\/idtholistico.com\/productos\/mentoria-transformacional\/#primaryimage\",\"url\":\"https:\/\/idtholistico.com\/wp-content\/uploads\/2025\/10\/Mentoria-Coercitiva-1.png\",\"contentUrl\":\"https:\/\/idtholistico.com\/wp-content\/uploads\/2025\/10\/Mentoria-Coercitiva-1.png\",\"width\":1080,\"height\":1080},{\"@type\":\"BreadcrumbList\",\"@id\":\"https:\/\/idtholistico.com\/productos\/mentoria-transformacional\/#breadcrumb\",\"itemListElement\":[{\"@type\":\"ListItem\",\"position\":1,\"name\":\"Portada\",\"item\":\"https:\/\/idtholistico.com\/\"},{\"@type\":\"ListItem\",\"position\":2,\"name\":\"PRODUCTOS\",\"item\":\"https:\/\/idtholistico.com\/productos\/\"},{\"@type\":\"ListItem\",\"position\":3,\"name\":\"Mentor\u00eda Transformacional\"}]},{\"@type\":\"WebSite\",\"@id\":\"https:\/\/idtholistico.com\/#website\",\"url\":\"https:\/\/idtholistico.com\/\",\"name\":\"www.idtholistico.com\",\"description\":\"Guiando tu camino hacia el desarrollo personal y espiritual\",\"publisher\":{\"@id\":\"https:\/\/idtholistico.com\/#organization\"},\"potentialAction\":[{\"@type\":\"SearchAction\",\"target\":{\"@type\":\"EntryPoint\",\"urlTemplate\":\"https:\/\/idtholistico.com\/?s={search_term_string}\"},\"query-input\":{\"@type\":\"PropertyValueSpecification\",\"valueRequired\":true,\"valueName\":\"search_term_string\"}}],\"inLanguage\":\"es\"},{\"@type\":\"Organization\",\"@id\":\"https:\/\/idtholistico.com\/#organization\",\"name\":\"Impulso de Talentos Holistico\",\"url\":\"https:\/\/idtholistico.com\/\",\"logo\":{\"@type\":\"ImageObject\",\"inLanguage\":\"es\",\"@id\":\"https:\/\/idtholistico.com\/#\/schema\/logo\/image\/\",\"url\":\"https:\/\/idtholistico.com\/wp-content\/uploads\/2025\/10\/LOGO-IDT-NUEVO-2025.png\",\"contentUrl\":\"https:\/\/idtholistico.com\/wp-content\/uploads\/2025\/10\/LOGO-IDT-NUEVO-2025.png\",\"width\":500,\"height\":500,\"caption\":\"Impulso de Talentos Holistico\"},\"image\":{\"@id\":\"https:\/\/idtholistico.com\/#\/schema\/logo\/image\/\"},\"sameAs\":[\"https:\/\/www.tiktok.com\/@impulsodetalentos\",\"https:\/\/www.youtube.com\/@impulsodetalentos\"]}]}<\/script>\n<!-- \/ Yoast SEO plugin. -->","yoast_head_json":{"title":"Mentor\u00eda Transformacional - Impulso de Talentos Holistico","description":"En 4 semanas adquiere herramientas pr\u00e1cticas y enfoque personalizado para ayudarte a tomar acci\u00f3n, superar bloqueos internos y asumir tu verdadero poder.","robots":{"index":"index","follow":"follow","max-snippet":"max-snippet:-1","max-image-preview":"max-image-preview:large","max-video-preview":"max-video-preview:-1"},"canonical":"https:\/\/idtholistico.com\/es\/productos\/mentoria-transformacional\/","og_locale":"es_MX","og_type":"article","og_title":"Mentor\u00eda Transformacional - Impulso de Talentos Holistico","og_description":"En 4 semanas adquiere herramientas pr\u00e1cticas y enfoque personalizado para ayudarte a tomar acci\u00f3n, superar bloqueos internos y asumir tu verdadero poder.","og_url":"https:\/\/idtholistico.com\/es\/productos\/mentoria-transformacional\/","og_site_name":"Impulso de Talentos Holistico","article_modified_time":"2025-11-01T03:30:52+00:00","og_image":[{"width":1080,"height":1080,"url":"https:\/\/idtholistico.com\/wp-content\/uploads\/2025\/10\/Mentoria-Coercitiva-1.png","type":"image\/png"}],"schema":{"@context":"https:\/\/schema.org","@graph":[{"@type":"WebPage","@id":"https:\/\/idtholistico.com\/productos\/mentoria-transformacional\/","url":"https:\/\/idtholistico.com\/productos\/mentoria-transformacional\/","name":"Mentor\u00eda Transformacional - Impulso de Talentos Holistico","isPartOf":{"@id":"https:\/\/idtholistico.com\/#website"},"primaryImageOfPage":{"@id":"https:\/\/idtholistico.com\/productos\/mentoria-transformacional\/#primaryimage"},"image":{"@id":"https:\/\/idtholistico.com\/productos\/mentoria-transformacional\/#primaryimage"},"thumbnailUrl":"https:\/\/idtholistico.com\/wp-content\/uploads\/2025\/10\/Mentoria-Coercitiva-1.png","datePublished":"2025-10-25T14:35:03+00:00","dateModified":"2025-11-01T03:30:52+00:00","description":"En 4 semanas adquiere herramientas pr\u00e1cticas y enfoque personalizado para ayudarte a tomar acci\u00f3n, superar bloqueos internos y asumir tu verdadero poder.","breadcrumb":{"@id":"https:\/\/idtholistico.com\/productos\/mentoria-transformacional\/#breadcrumb"},"inLanguage":"es","potentialAction":[{"@type":"ReadAction","target":["https:\/\/idtholistico.com\/productos\/mentoria-transformacional\/"]}]},{"@type":"ImageObject","inLanguage":"es","@id":"https:\/\/idtholistico.com\/productos\/mentoria-transformacional\/#primaryimage","url":"https:\/\/idtholistico.com\/wp-content\/uploads\/2025\/10\/Mentoria-Coercitiva-1.png","contentUrl":"https:\/\/idtholistico.com\/wp-content\/uploads\/2025\/10\/Mentoria-Coercitiva-1.png","width":1080,"height":1080},{"@type":"BreadcrumbList","@id":"https:\/\/idtholistico.com\/productos\/mentoria-transformacional\/#breadcrumb","itemListElement":[{"@type":"ListItem","position":1,"name":"Portada","item":"https:\/\/idtholistico.com\/"},{"@type":"ListItem","position":2,"name":"PRODUCTOS","item":"https:\/\/idtholistico.com\/productos\/"},{"@type":"ListItem","position":3,"name":"Mentor\u00eda Transformacional"}]},{"@type":"WebSite","@id":"https:\/\/idtholistico.com\/#website","url":"https:\/\/idtholistico.com\/","name":"www.idtholistico.com","description":"Guiando tu camino hacia el desarrollo personal y espiritual","publisher":{"@id":"https:\/\/idtholistico.com\/#organization"},"potentialAction":[{"@type":"SearchAction","target":{"@type":"EntryPoint","urlTemplate":"https:\/\/idtholistico.com\/?s={search_term_string}"},"query-input":{"@type":"PropertyValueSpecification","valueRequired":true,"valueName":"search_term_string"}}],"inLanguage":"es"},{"@type":"Organization","@id":"https:\/\/idtholistico.com\/#organization","name":"Impulso de Talentos Holistico","url":"https:\/\/idtholistico.com\/","logo":{"@type":"ImageObject","inLanguage":"es","@id":"https:\/\/idtholistico.com\/#\/schema\/logo\/image\/","url":"https:\/\/idtholistico.com\/wp-content\/uploads\/2025\/10\/LOGO-IDT-NUEVO-2025.png","contentUrl":"https:\/\/idtholistico.com\/wp-content\/uploads\/2025\/10\/LOGO-IDT-NUEVO-2025.png","width":500,"height":500,"caption":"Impulso de Talentos Holistico"},"image":{"@id":"https:\/\/idtholistico.com\/#\/schema\/logo\/image\/"},"sameAs":["https:\/\/www.tiktok.com\/@impulsodetalentos","https:\/\/www.youtube.com\/@impulsodetalentos"]}]}},"_links":{"self":[{"href":"https:\/\/idtholistico.com\/es\/wp-json\/wp\/v2\/product\/125","targetHints":{"allow":["GET"]}}],"collection":[{"href":"https:\/\/idtholistico.com\/es\/wp-json\/wp\/v2\/product"}],"about":[{"href":"https:\/\/idtholistico.com\/es\/wp-json\/wp\/v2\/types\/product"}],"replies":[{"embeddable":true,"href":"https:\/\/idtholistico.com\/es\/wp-json\/wp\/v2\/comments?post=125"}],"wp:featuredmedia":[{"embeddable":true,"href":"https:\/\/idtholistico.com\/es\/wp-json\/wp\/v2\/media\/1473"}],"wp:attachment":[{"href":"https:\/\/idtholistico.com\/es\/wp-json\/wp\/v2\/media?parent=125"}],"wp:term":[{"taxonomy":"product_brand","embeddable":true,"href":"https:\/\/idtholistico.com\/es\/wp-json\/wp\/v2\/product_brand?post=125"},{"taxonomy":"product_cat","embeddable":true,"href":"https:\/\/idtholistico.com\/es\/wp-json\/wp\/v2\/product_cat?post=125"},{"taxonomy":"product_tag","embeddable":true,"href":"https:\/\/idtholistico.com\/es\/wp-json\/wp\/v2\/product_tag?post=125"}],"curies":[{"name":"wp","href":"https:\/\/api.w.org\/{rel}","templated":true}]}}