{"id":123,"date":"2025-10-31T08:33:28","date_gmt":"2025-10-31T14:33:28","guid":{"rendered":"https:\/\/startersites.io\/blocksy\/barber-shop\/?post_type=product&#038;p=123"},"modified":"2025-10-31T21:28:20","modified_gmt":"2025-11-01T03:28:20","slug":"mentoria-desarrollo-personal-y-espiritual","status":"publish","type":"product","link":"https:\/\/idtholistico.com\/es\/productos\/mentoria-desarrollo-personal-y-espiritual\/","title":{"rendered":"Mentoria &#8211; Desarrollo Personal y Espiritual"},"content":{"rendered":"","protected":false},"excerpt":{"rendered":"<h2>Empod\u00e9rate y transforma tu vida<\/h2>\n<p>Si buscas un cambio significativo en tu vida, nuestro <strong>programa de mentor\u00eda de 4 semanas<\/strong> es la soluci\u00f3n ideal para ti. Durante este proceso, tendr\u00e1s la oportunidad de explorar y redefinir elementos esenciales de tu vida, logrando una alineaci\u00f3n completa con tus valores m\u00e1s profundos. Cada sesi\u00f3n de 60 minutos est\u00e1 dise\u00f1ada meticulosamente para ayudarte a desbloquear tu m\u00e1ximo potencial y avanzar hacia tus objetivos personales y emocionales.<em><strong> \u00a1El avance comienza aqu\u00ed!<\/strong><\/em><\/p>\n<h2>Un enfoque \u00fanico hacia tu crecimiento<\/h2>\n<p>Este programa trabaja en tres dominios fundamentales: interpretaci\u00f3n, percepci\u00f3n y conexi\u00f3n. Aprender\u00e1s a interpretar las situaciones desde una perspectiva m\u00e1s enriquecedora, desarrollar\u00e1s habilidades para percibir con claridad aquello que antes pasaba desapercibido, y fortalecer\u00e1s tus conexiones con los dem\u00e1s y contigo mismo. Cada semana, con una sesi\u00f3n personalizada, ahondaremos en cada uno de estos aspectos, permiti\u00e9ndote experimentar cambios tangibles y duraderos.<\/p>\n<h2>Identifica bloqueos internos y alinea tu vida<\/h2>\n<p>Uno de los objetivos principales de este programa es ayudarte a descubrir y superar bloqueos internos que puedan estar limit\u00e1ndote. Juntos trabajaremos para dejar atr\u00e1s esos obst\u00e1culos, mientras sentamos las bases para una vida alineada con tus valores m\u00e1s significativos. La mentor\u00eda te ofrece no solo respuestas, sino el espacio para que encuentres tu camino hacia una plenitud emocional, profesional y personal.<\/p>","protected":false},"featured_media":1474,"comment_status":"open","ping_status":"closed","template":"","meta":[],"product_brand":[],"product_cat":[21],"product_tag":[],"class_list":{"0":"post-123","1":"product","2":"type-product","3":"status-publish","4":"has-post-thumbnail","6":"product_cat-mentoria-espiritual","8":"first","9":"instock","10":"featured","11":"shipping-taxable","12":"product-type-external"},"yoast_head":"<!-- This site is optimized with the Yoast SEO plugin v26.4 - https:\/\/yoast.com\/wordpress\/plugins\/seo\/ -->\n<title>Mentoria - Desarrollo Personal y Espiritual - Impulso de Talentos Holistico<\/title>\n<meta name=\"description\" content=\"Este programa de mentor\u00eda de 4 semanas es tu oportunidad est\u00e1 dise\u00f1ada para ayudarte a explorar tus bloqueos internos, tu percepci\u00f3n y conexi\u00f3n emocional...\" \/>\n<meta name=\"robots\" content=\"index, follow, max-snippet:-1, max-image-preview:large, max-video-preview:-1\" \/>\n<link rel=\"canonical\" href=\"https:\/\/idtholistico.com\/es\/productos\/mentoria-desarrollo-personal-y-espiritual\/\" \/>\n<meta property=\"og:locale\" content=\"es_MX\" \/>\n<meta property=\"og:type\" content=\"article\" \/>\n<meta property=\"og:title\" content=\"Mentoria - Desarrollo Personal y Espiritual - Impulso de Talentos Holistico\" \/>\n<meta property=\"og:description\" content=\"Este programa de mentor\u00eda de 4 semanas es tu oportunidad est\u00e1 dise\u00f1ada para ayudarte a explorar tus bloqueos internos, tu percepci\u00f3n y conexi\u00f3n emocional...\" \/>\n<meta property=\"og:url\" content=\"https:\/\/idtholistico.com\/es\/productos\/mentoria-desarrollo-personal-y-espiritual\/\" \/>\n<meta property=\"og:site_name\" content=\"Impulso de Talentos Holistico\" \/>\n<meta property=\"article:modified_time\" content=\"2025-11-01T03:28:20+00:00\" \/>\n<meta property=\"og:image\" content=\"https:\/\/idtholistico.com\/wp-content\/uploads\/2025\/10\/Mentoria-Ontologica-1.png\" \/>\n\t<meta property=\"og:image:width\" content=\"1080\" \/>\n\t<meta property=\"og:image:height\" content=\"1080\" \/>\n\t<meta property=\"og:image:type\" content=\"image\/png\" \/>\n<script type=\"application\/ld+json\" class=\"yoast-schema-graph\">{\"@context\":\"https:\/\/schema.org\",\"@graph\":[{\"@type\":\"WebPage\",\"@id\":\"https:\/\/idtholistico.com\/productos\/mentoria-desarrollo-personal-y-espiritual\/\",\"url\":\"https:\/\/idtholistico.com\/productos\/mentoria-desarrollo-personal-y-espiritual\/\",\"name\":\"Mentoria - Desarrollo Personal y Espiritual - Impulso de Talentos Holistico\",\"isPartOf\":{\"@id\":\"https:\/\/idtholistico.com\/#website\"},\"primaryImageOfPage\":{\"@id\":\"https:\/\/idtholistico.com\/productos\/mentoria-desarrollo-personal-y-espiritual\/#primaryimage\"},\"image\":{\"@id\":\"https:\/\/idtholistico.com\/productos\/mentoria-desarrollo-personal-y-espiritual\/#primaryimage\"},\"thumbnailUrl\":\"https:\/\/idtholistico.com\/wp-content\/uploads\/2025\/10\/Mentoria-Ontologica-1.png\",\"datePublished\":\"2025-10-31T14:33:28+00:00\",\"dateModified\":\"2025-11-01T03:28:20+00:00\",\"description\":\"Este programa de mentor\u00eda de 4 semanas es tu oportunidad est\u00e1 dise\u00f1ada para ayudarte a explorar tus bloqueos internos, tu percepci\u00f3n y conexi\u00f3n emocional...\",\"breadcrumb\":{\"@id\":\"https:\/\/idtholistico.com\/productos\/mentoria-desarrollo-personal-y-espiritual\/#breadcrumb\"},\"inLanguage\":\"es\",\"potentialAction\":[{\"@type\":\"ReadAction\",\"target\":[\"https:\/\/idtholistico.com\/productos\/mentoria-desarrollo-personal-y-espiritual\/\"]}]},{\"@type\":\"ImageObject\",\"inLanguage\":\"es\",\"@id\":\"https:\/\/idtholistico.com\/productos\/mentoria-desarrollo-personal-y-espiritual\/#primaryimage\",\"url\":\"https:\/\/idtholistico.com\/wp-content\/uploads\/2025\/10\/Mentoria-Ontologica-1.png\",\"contentUrl\":\"https:\/\/idtholistico.com\/wp-content\/uploads\/2025\/10\/Mentoria-Ontologica-1.png\",\"width\":1080,\"height\":1080},{\"@type\":\"BreadcrumbList\",\"@id\":\"https:\/\/idtholistico.com\/productos\/mentoria-desarrollo-personal-y-espiritual\/#breadcrumb\",\"itemListElement\":[{\"@type\":\"ListItem\",\"position\":1,\"name\":\"Portada\",\"item\":\"https:\/\/idtholistico.com\/\"},{\"@type\":\"ListItem\",\"position\":2,\"name\":\"PRODUCTOS\",\"item\":\"https:\/\/idtholistico.com\/productos\/\"},{\"@type\":\"ListItem\",\"position\":3,\"name\":\"Mentoria &#8211; Desarrollo Personal y Espiritual\"}]},{\"@type\":\"WebSite\",\"@id\":\"https:\/\/idtholistico.com\/#website\",\"url\":\"https:\/\/idtholistico.com\/\",\"name\":\"www.idtholistico.com\",\"description\":\"Guiando tu camino hacia el desarrollo personal y espiritual\",\"publisher\":{\"@id\":\"https:\/\/idtholistico.com\/#organization\"},\"potentialAction\":[{\"@type\":\"SearchAction\",\"target\":{\"@type\":\"EntryPoint\",\"urlTemplate\":\"https:\/\/idtholistico.com\/?s={search_term_string}\"},\"query-input\":{\"@type\":\"PropertyValueSpecification\",\"valueRequired\":true,\"valueName\":\"search_term_string\"}}],\"inLanguage\":\"es\"},{\"@type\":\"Organization\",\"@id\":\"https:\/\/idtholistico.com\/#organization\",\"name\":\"Impulso de Talentos Holistico\",\"url\":\"https:\/\/idtholistico.com\/\",\"logo\":{\"@type\":\"ImageObject\",\"inLanguage\":\"es\",\"@id\":\"https:\/\/idtholistico.com\/#\/schema\/logo\/image\/\",\"url\":\"https:\/\/idtholistico.com\/wp-content\/uploads\/2025\/10\/LOGO-IDT-NUEVO-2025.png\",\"contentUrl\":\"https:\/\/idtholistico.com\/wp-content\/uploads\/2025\/10\/LOGO-IDT-NUEVO-2025.png\",\"width\":500,\"height\":500,\"caption\":\"Impulso de Talentos Holistico\"},\"image\":{\"@id\":\"https:\/\/idtholistico.com\/#\/schema\/logo\/image\/\"},\"sameAs\":[\"https:\/\/www.tiktok.com\/@impulsodetalentos\",\"https:\/\/www.youtube.com\/@impulsodetalentos\"]}]}<\/script>\n<!-- \/ Yoast SEO plugin. -->","yoast_head_json":{"title":"Mentoria - Desarrollo Personal y Espiritual - Impulso de Talentos Holistico","description":"Este programa de mentor\u00eda de 4 semanas es tu oportunidad est\u00e1 dise\u00f1ada para ayudarte a explorar tus bloqueos internos, tu percepci\u00f3n y conexi\u00f3n emocional...","robots":{"index":"index","follow":"follow","max-snippet":"max-snippet:-1","max-image-preview":"max-image-preview:large","max-video-preview":"max-video-preview:-1"},"canonical":"https:\/\/idtholistico.com\/es\/productos\/mentoria-desarrollo-personal-y-espiritual\/","og_locale":"es_MX","og_type":"article","og_title":"Mentoria - Desarrollo Personal y Espiritual - Impulso de Talentos Holistico","og_description":"Este programa de mentor\u00eda de 4 semanas es tu oportunidad est\u00e1 dise\u00f1ada para ayudarte a explorar tus bloqueos internos, tu percepci\u00f3n y conexi\u00f3n emocional...","og_url":"https:\/\/idtholistico.com\/es\/productos\/mentoria-desarrollo-personal-y-espiritual\/","og_site_name":"Impulso de Talentos Holistico","article_modified_time":"2025-11-01T03:28:20+00:00","og_image":[{"width":1080,"height":1080,"url":"https:\/\/idtholistico.com\/wp-content\/uploads\/2025\/10\/Mentoria-Ontologica-1.png","type":"image\/png"}],"schema":{"@context":"https:\/\/schema.org","@graph":[{"@type":"WebPage","@id":"https:\/\/idtholistico.com\/productos\/mentoria-desarrollo-personal-y-espiritual\/","url":"https:\/\/idtholistico.com\/productos\/mentoria-desarrollo-personal-y-espiritual\/","name":"Mentoria - Desarrollo Personal y Espiritual - Impulso de Talentos Holistico","isPartOf":{"@id":"https:\/\/idtholistico.com\/#website"},"primaryImageOfPage":{"@id":"https:\/\/idtholistico.com\/productos\/mentoria-desarrollo-personal-y-espiritual\/#primaryimage"},"image":{"@id":"https:\/\/idtholistico.com\/productos\/mentoria-desarrollo-personal-y-espiritual\/#primaryimage"},"thumbnailUrl":"https:\/\/idtholistico.com\/wp-content\/uploads\/2025\/10\/Mentoria-Ontologica-1.png","datePublished":"2025-10-31T14:33:28+00:00","dateModified":"2025-11-01T03:28:20+00:00","description":"Este programa de mentor\u00eda de 4 semanas es tu oportunidad est\u00e1 dise\u00f1ada para ayudarte a explorar tus bloqueos internos, tu percepci\u00f3n y conexi\u00f3n emocional...","breadcrumb":{"@id":"https:\/\/idtholistico.com\/productos\/mentoria-desarrollo-personal-y-espiritual\/#breadcrumb"},"inLanguage":"es","potentialAction":[{"@type":"ReadAction","target":["https:\/\/idtholistico.com\/productos\/mentoria-desarrollo-personal-y-espiritual\/"]}]},{"@type":"ImageObject","inLanguage":"es","@id":"https:\/\/idtholistico.com\/productos\/mentoria-desarrollo-personal-y-espiritual\/#primaryimage","url":"https:\/\/idtholistico.com\/wp-content\/uploads\/2025\/10\/Mentoria-Ontologica-1.png","contentUrl":"https:\/\/idtholistico.com\/wp-content\/uploads\/2025\/10\/Mentoria-Ontologica-1.png","width":1080,"height":1080},{"@type":"BreadcrumbList","@id":"https:\/\/idtholistico.com\/productos\/mentoria-desarrollo-personal-y-espiritual\/#breadcrumb","itemListElement":[{"@type":"ListItem","position":1,"name":"Portada","item":"https:\/\/idtholistico.com\/"},{"@type":"ListItem","position":2,"name":"PRODUCTOS","item":"https:\/\/idtholistico.com\/productos\/"},{"@type":"ListItem","position":3,"name":"Mentoria &#8211; Desarrollo Personal y Espiritual"}]},{"@type":"WebSite","@id":"https:\/\/idtholistico.com\/#website","url":"https:\/\/idtholistico.com\/","name":"www.idtholistico.com","description":"Guiando tu camino hacia el desarrollo personal y espiritual","publisher":{"@id":"https:\/\/idtholistico.com\/#organization"},"potentialAction":[{"@type":"SearchAction","target":{"@type":"EntryPoint","urlTemplate":"https:\/\/idtholistico.com\/?s={search_term_string}"},"query-input":{"@type":"PropertyValueSpecification","valueRequired":true,"valueName":"search_term_string"}}],"inLanguage":"es"},{"@type":"Organization","@id":"https:\/\/idtholistico.com\/#organization","name":"Impulso de Talentos Holistico","url":"https:\/\/idtholistico.com\/","logo":{"@type":"ImageObject","inLanguage":"es","@id":"https:\/\/idtholistico.com\/#\/schema\/logo\/image\/","url":"https:\/\/idtholistico.com\/wp-content\/uploads\/2025\/10\/LOGO-IDT-NUEVO-2025.png","contentUrl":"https:\/\/idtholistico.com\/wp-content\/uploads\/2025\/10\/LOGO-IDT-NUEVO-2025.png","width":500,"height":500,"caption":"Impulso de Talentos Holistico"},"image":{"@id":"https:\/\/idtholistico.com\/#\/schema\/logo\/image\/"},"sameAs":["https:\/\/www.tiktok.com\/@impulsodetalentos","https:\/\/www.youtube.com\/@impulsodetalentos"]}]}},"_links":{"self":[{"href":"https:\/\/idtholistico.com\/es\/wp-json\/wp\/v2\/product\/123","targetHints":{"allow":["GET"]}}],"collection":[{"href":"https:\/\/idtholistico.com\/es\/wp-json\/wp\/v2\/product"}],"about":[{"href":"https:\/\/idtholistico.com\/es\/wp-json\/wp\/v2\/types\/product"}],"replies":[{"embeddable":true,"href":"https:\/\/idtholistico.com\/es\/wp-json\/wp\/v2\/comments?post=123"}],"wp:featuredmedia":[{"embeddable":true,"href":"https:\/\/idtholistico.com\/es\/wp-json\/wp\/v2\/media\/1474"}],"wp:attachment":[{"href":"https:\/\/idtholistico.com\/es\/wp-json\/wp\/v2\/media?parent=123"}],"wp:term":[{"taxonomy":"product_brand","embeddable":true,"href":"https:\/\/idtholistico.com\/es\/wp-json\/wp\/v2\/product_brand?post=123"},{"taxonomy":"product_cat","embeddable":true,"href":"https:\/\/idtholistico.com\/es\/wp-json\/wp\/v2\/product_cat?post=123"},{"taxonomy":"product_tag","embeddable":true,"href":"https:\/\/idtholistico.com\/es\/wp-json\/wp\/v2\/product_tag?post=123"}],"curies":[{"name":"wp","href":"https:\/\/api.w.org\/{rel}","templated":true}]}}