{"id":963,"date":"2025-10-03T13:52:29","date_gmt":"2025-10-03T19:52:29","guid":{"rendered":"https:\/\/idtholistico.com\/term_conditions\/"},"modified":"2025-10-12T03:12:29","modified_gmt":"2025-10-12T09:12:29","slug":"terminos-y-condiciones","status":"publish","type":"page","link":"https:\/\/idtholistico.com\/es\/terminos-y-condiciones\/","title":{"rendered":"Terminos y condiciones"},"content":{"rendered":"<p>Estos t\u00e9rminos y condiciones describen las reglas y regulaciones para el uso del sitio web <strong>IDT HOLISTICO<\/strong><\/p>\n\n\n\n<h3 class=\"wp-block-heading\">Direcci\u00f3n fisica<\/h3>\n\n\n\n<p><strong>IDT HOLISTICO<\/strong> no cuenta con una direcci\u00f3n f\u00edsica.<\/p>\n\n\n\n<h3 class=\"wp-block-heading\">Terminos generales<\/h3>\n\n\n\n<p>Al acceder a este sitio web, asumimos que aceptas estos t\u00e9rminos y condiciones en su totalidad. No contin\u00faes usando el sitio web <strong>IDT HOLISTICO<\/strong> si no aceptas todos los t\u00e9rminos y condiciones establecidos en esta p\u00e1gina.<\/p>\n\n\n\n<p>La siguiente terminolog\u00eda se aplica a estos T\u00e9rminos y Condiciones, Declaraci\u00f3n de Privacidad y Aviso legal y cualquiera o todos los Acuerdos: el Cliente, Usted y Su se refieren a usted, la persona que accede a este sitio web y acepta los t\u00e9rminos y condiciones de la Compa\u00f1\u00eda. La Compa\u00f1\u00eda, Nosotros mismos, Nosotros y Nuestro, se refiere a nuestra Compa\u00f1\u00eda. Parte, Partes o Nosotros, se refiere en conjunto al Cliente y a nosotros mismos, o al Cliente o a nosotros mismos.<\/p>\n\n\n\n<p>Todos los t\u00e9rminos se refieren a la oferta, aceptaci\u00f3n y consideraci\u00f3n del pago necesario para efectuar el proceso de nuestra asistencia al Cliente de la manera m\u00e1s adecuada, ya sea mediante reuniones formales de una duraci\u00f3n fija, o por cualquier otro medio, con el prop\u00f3sito expreso de conocer las necesidades del Cliente con respecto a la provisi\u00f3n de los servicios\/productos declarados de la Compa\u00f1\u00eda, de acuerdo con y sujeto a la ley vigente de<strong> M\u00e9xico.<\/strong><\/p>\n\n\n\n<p>Cualquier uso de la terminolog\u00eda anterior u otras palabras en singular, plural, may\u00fasculas y\/o, \u00e9l\/ella o ellos, se consideran intercambiables y, por lo tanto, se refieren a lo mismo.<\/p>\n\n\n\n<h3 class=\"wp-block-heading\"><strong>Cookies<\/strong><\/h3>\n\n\n\n<p>Empleamos el uso de cookies. Al utilizar el sitio web de <strong>IDT HOLISTICO<\/strong> usted acepta el uso de cookies de acuerdo con la pol\u00edtica de privacidad de (Nombre de la tienda). La mayor\u00eda de los modernos sitios web interactivos de hoy en d\u00eda usan cookies para permitirnos recuperar los detalles del usuario para cada visita.<\/p>\n\n\n\n<p>Las cookies se utilizan en algunas \u00e1reas de nuestro sitio para habilitar la funcionalidad de esta \u00e1rea y la facilidad de uso para las personas que lo visitan. Algunos de nuestros socios afiliados\/publicitarios tambi\u00e9n pueden usar cookies.<\/p>\n\n\n\n<h3 class=\"wp-block-heading\"><strong>Licencia<\/strong><\/h3>\n\n\n\n<p>A menos que se indique lo contrario, <strong>IDT HOLISTICO<\/strong> y\/o sus licenciatarios les pertenecen los derechos de propiedad intelectual de todo el material en <strong>IDT HOLISTICO<\/strong><\/p>\n\n\n\n<p>Todos los derechos de propiedad intelectual est\u00e1n reservados. Puedes ver y\/o imprimir p\u00e1ginas desde <strong>IDT HOLISTICO<\/strong> para tu uso personal sujeto a las restricciones establecidas en estos t\u00e9rminos y condiciones.<\/p>\n\n\n\n<p><strong>No debes:<\/strong><\/p>\n\n\n\n<div class=\"wp-block-stackable-icon-list stk-block-icon-list stk-block stk-68082ef\" data-block-id=\"68082ef\"><svg style=\"display:none\"><defs><g id=\"stk-icon-list__icon-svg-def-68082ef\"><svg xmlns=\"http:\/\/www.w3.org\/2000\/svg\" viewbox=\"0 0 190 190\"><polygon points=\"173.8,28.4 60.4,141.8 15.7,97.2 5.1,107.8 60.4,163 184.4,39 173.8,28.4\"\/><\/svg><\/g><\/defs><\/svg><ul class=\"stk-block-icon-list__ul stk-block-icon-list--column\">\n<li class=\"wp-block-stackable-icon-list-item stk-block-icon-list-item stk-block stk-0a9248d\" data-block-id=\"0a9248d\"><div class=\"stk-block-icon-list-item__content\"><span class=\"stk--svg-wrapper\"><div class=\"stk--inner-svg\"><svg aria-hidden=\"true\" width=\"32\" height=\"32\"><use xlink:href=\"#stk-icon-list__icon-svg-def-68082ef\"><\/use><\/svg><\/div><\/span><span class=\"stk-block-icon-list-item__text\">Volver a publicar material desde <strong>IDT HOLISTICO.<\/strong><\/span><\/div><\/li>\n\n\n\n<li class=\"wp-block-stackable-icon-list-item stk-block-icon-list-item stk-block stk-a5c6275\" data-block-id=\"a5c6275\"><div class=\"stk-block-icon-list-item__content\"><span class=\"stk--svg-wrapper\"><div class=\"stk--inner-svg\"><svg aria-hidden=\"true\" width=\"32\" height=\"32\"><use xlink:href=\"#stk-icon-list__icon-svg-def-68082ef\"><\/use><\/svg><\/div><\/span><span class=\"stk-block-icon-list-item__text\">Vender, alquilar u otorgar una sublicencia de material desde <strong>IDT HOLISTICO<\/strong>.<\/span><\/div><\/li>\n\n\n\n<li class=\"wp-block-stackable-icon-list-item stk-block-icon-list-item stk-block stk-0dbdfbb\" data-block-id=\"0dbdfbb\"><div class=\"stk-block-icon-list-item__content\"><span class=\"stk--svg-wrapper\"><div class=\"stk--inner-svg\"><svg aria-hidden=\"true\" width=\"32\" height=\"32\"><use xlink:href=\"#stk-icon-list__icon-svg-def-68082ef\"><\/use><\/svg><\/div><\/span><span class=\"stk-block-icon-list-item__text\">Reproducir, duplicar o copiar material desde <strong>IDT HOLISTICO.<\/strong><\/span><\/div><\/li>\n\n\n\n<li class=\"wp-block-stackable-icon-list-item stk-block-icon-list-item stk-block stk-0ddd21d\" data-block-id=\"0ddd21d\"><div class=\"stk-block-icon-list-item__content\"><span class=\"stk--svg-wrapper\"><div class=\"stk--inner-svg\"><svg aria-hidden=\"true\" width=\"32\" height=\"32\"><use xlink:href=\"#stk-icon-list__icon-svg-def-68082ef\"><\/use><\/svg><\/div><\/span><span class=\"stk-block-icon-list-item__text\">Redistribuir contenido de <strong>IDT HOLISTICO<\/strong> a menos de que el contenido se haga espec\u00edficamente para la redistribuci\u00f3n.<\/span><\/div><\/li>\n<\/ul><\/div>\n\n\n\n<h3 class=\"wp-block-heading\"><strong>Aviso legal<\/strong><\/h3>\n\n\n\n<p>En la medida m\u00e1xima permitida por la ley aplicable, excluimos todas las representaciones, garant\u00edas y condiciones relacionadas con nuestro sitio web y el uso de este sitio web (incluyendo, sin limitaci\u00f3n, cualquier garant\u00eda impl\u00edcita por la ley con respecto a la calidad satisfactoria, idoneidad para el prop\u00f3sito y\/o el uso de cuidado y habilidad razonables).<\/p>\n\n\n\n<p><strong>Nada en este aviso legal:<\/strong><\/p>\n\n\n\n<div class=\"wp-block-stackable-icon-list stk-block-icon-list stk-block stk-739d745\" data-block-id=\"739d745\"><svg style=\"display:none\"><defs><g id=\"stk-icon-list__icon-svg-def-739d745\"><svg xmlns=\"http:\/\/www.w3.org\/2000\/svg\" viewbox=\"0 0 190 190\"><polygon points=\"173.8,28.4 60.4,141.8 15.7,97.2 5.1,107.8 60.4,163 184.4,39 173.8,28.4\"\/><\/svg><\/g><\/defs><\/svg><ul class=\"stk-block-icon-list__ul stk-block-icon-list--column\">\n<li class=\"wp-block-stackable-icon-list-item stk-block-icon-list-item stk-block stk-ea8261c\" data-block-id=\"ea8261c\"><div class=\"stk-block-icon-list-item__content\"><span class=\"stk--svg-wrapper\"><div class=\"stk--inner-svg\"><svg aria-hidden=\"true\" width=\"32\" height=\"32\"><use xlink:href=\"#stk-icon-list__icon-svg-def-739d745\"><\/use><\/svg><\/div><\/span><span class=\"stk-block-icon-list-item__text\">Limita o excluye nuestra o su responsabilidad por muerte o lesiones personales resultantes de negligencia.<\/span><\/div><\/li>\n\n\n\n<li class=\"wp-block-stackable-icon-list-item stk-block-icon-list-item stk-block stk-9321ec5\" data-block-id=\"9321ec5\"><div class=\"stk-block-icon-list-item__content\"><span class=\"stk--svg-wrapper\"><div class=\"stk--inner-svg\"><svg aria-hidden=\"true\" width=\"32\" height=\"32\"><use xlink:href=\"#stk-icon-list__icon-svg-def-739d745\"><\/use><\/svg><\/div><\/span><span class=\"stk-block-icon-list-item__text\">Limita o excluye nuestra o su responsabilidad por fraude o tergiversaci\u00f3n fraudulenta.<\/span><\/div><\/li>\n\n\n\n<li class=\"wp-block-stackable-icon-list-item stk-block-icon-list-item stk-block stk-d13269d\" data-block-id=\"d13269d\"><div class=\"stk-block-icon-list-item__content\"><span class=\"stk--svg-wrapper\"><div class=\"stk--inner-svg\"><svg aria-hidden=\"true\" width=\"32\" height=\"32\"><use xlink:href=\"#stk-icon-list__icon-svg-def-739d745\"><\/use><\/svg><\/div><\/span><span class=\"stk-block-icon-list-item__text\">Limita cualquiera de nuestras o sus responsabilidades de cualquier manera que no est\u00e9 permitida por la ley aplicable.<\/span><\/div><\/li>\n\n\n\n<li class=\"wp-block-stackable-icon-list-item stk-block-icon-list-item stk-block stk-9c5262b\" data-block-id=\"9c5262b\"><div class=\"stk-block-icon-list-item__content\"><span class=\"stk--svg-wrapper\"><div class=\"stk--inner-svg\"><svg aria-hidden=\"true\" width=\"32\" height=\"32\"><use xlink:href=\"#stk-icon-list__icon-svg-def-739d745\"><\/use><\/svg><\/div><\/span><span class=\"stk-block-icon-list-item__text\">Excluye cualquiera de nuestras o sus responsabilidades que no pueden ser excluidas bajo la ley aplicable.<\/span><\/div><\/li>\n\n\n\n<li class=\"wp-block-stackable-icon-list-item stk-block-icon-list-item stk-block stk-d9202d4\" data-block-id=\"d9202d4\"><div class=\"stk-block-icon-list-item__content\"><span class=\"stk--svg-wrapper\"><div class=\"stk--inner-svg\"><svg aria-hidden=\"true\" width=\"32\" height=\"32\"><use xlink:href=\"#stk-icon-list__icon-svg-def-739d745\"><\/use><\/svg><\/div><\/span><span class=\"stk-block-icon-list-item__text\">Las limitaciones y exclusiones de responsabilidad establecidas en esta Secci\u00f3n y en otras partes de este aviso legal:<\/span><\/div><\/li>\n<\/ul><\/div>\n\n\n\n<p>1. est\u00e1n sujetas al p\u00e1rrafo anterior; y<\/p>\n\n\n\n<p>2. rigen todas las responsabilidades que surjan bajo la exenci\u00f3n de responsabilidad o en relaci\u00f3n con el objeto de esta exenci\u00f3n de responsabilidad, incluidas las responsabilidades que surjan en contrato, agravio (incluyendo negligencia) y por incumplimiento del deber legal. En la medida en que el sitio web y la informaci\u00f3n y los servicios en el sitio web se proporcionen de forma gratuita, no seremos responsables de ninguna p\u00e9rdida o da\u00f1o de ning\u00fan tipo.<\/p>","protected":false},"excerpt":{"rendered":"<p>Estos t\u00e9rminos y condiciones describen las reglas y regulaciones para el uso del sitio web IDT HOLISTICO Direcci\u00f3n fisica IDT [&hellip;]<\/p>","protected":false},"author":1,"featured_media":0,"parent":0,"menu_order":0,"comment_status":"closed","ping_status":"closed","template":"","meta":{"footnotes":""},"class_list":["post-963","page","type-page","status-publish","hentry"],"blocksy_meta":[],"yoast_head":"<!-- This site is optimized with the Yoast SEO plugin v26.4 - https:\/\/yoast.com\/wordpress\/plugins\/seo\/ -->\n<title>T\u00e9rminos y condiciones del sitio web IDT HOLISTICO - Impulso de Talentos Holistico<\/title>\n<meta name=\"description\" content=\"Los t\u00e9rminos y condiciones del sitio web IDT HOLISTICO son cruciales para un uso adecuado. Acepta estas reglas al acceder.\" \/>\n<meta name=\"robots\" content=\"index, follow, max-snippet:-1, max-image-preview:large, max-video-preview:-1\" \/>\n<link rel=\"canonical\" href=\"https:\/\/idtholistico.com\/es\/terminos-y-condiciones\/\" \/>\n<meta property=\"og:locale\" content=\"es_MX\" \/>\n<meta property=\"og:type\" content=\"article\" \/>\n<meta property=\"og:title\" content=\"T\u00e9rminos y condiciones del sitio web IDT HOLISTICO - Impulso de Talentos Holistico\" \/>\n<meta property=\"og:description\" content=\"Los t\u00e9rminos y condiciones del sitio web IDT HOLISTICO son cruciales para un uso adecuado. Acepta estas reglas al acceder.\" \/>\n<meta property=\"og:url\" content=\"https:\/\/idtholistico.com\/es\/terminos-y-condiciones\/\" \/>\n<meta property=\"og:site_name\" content=\"Impulso de Talentos Holistico\" \/>\n<meta property=\"article:modified_time\" content=\"2025-10-12T09:12:29+00:00\" \/>\n<script type=\"application\/ld+json\" class=\"yoast-schema-graph\">{\"@context\":\"https:\/\/schema.org\",\"@graph\":[{\"@type\":\"WebPage\",\"@id\":\"https:\/\/idtholistico.com\/terminos-y-condiciones\/\",\"url\":\"https:\/\/idtholistico.com\/terminos-y-condiciones\/\",\"name\":\"T\u00e9rminos y condiciones del sitio web IDT HOLISTICO - Impulso de Talentos Holistico\",\"isPartOf\":{\"@id\":\"https:\/\/idtholistico.com\/#website\"},\"datePublished\":\"2025-10-03T19:52:29+00:00\",\"dateModified\":\"2025-10-12T09:12:29+00:00\",\"description\":\"Los t\u00e9rminos y condiciones del sitio web IDT HOLISTICO son cruciales para un uso adecuado. Acepta estas reglas al acceder.\",\"breadcrumb\":{\"@id\":\"https:\/\/idtholistico.com\/terminos-y-condiciones\/#breadcrumb\"},\"inLanguage\":\"es\",\"potentialAction\":[{\"@type\":\"ReadAction\",\"target\":[\"https:\/\/idtholistico.com\/terminos-y-condiciones\/\"]}]},{\"@type\":\"BreadcrumbList\",\"@id\":\"https:\/\/idtholistico.com\/terminos-y-condiciones\/#breadcrumb\",\"itemListElement\":[{\"@type\":\"ListItem\",\"position\":1,\"name\":\"Portada\",\"item\":\"https:\/\/idtholistico.com\/\"},{\"@type\":\"ListItem\",\"position\":2,\"name\":\"Terminos y condiciones\"}]},{\"@type\":\"WebSite\",\"@id\":\"https:\/\/idtholistico.com\/#website\",\"url\":\"https:\/\/idtholistico.com\/\",\"name\":\"www.idtholistico.com\",\"description\":\"Guiando tu camino hacia el desarrollo personal y espiritual\",\"publisher\":{\"@id\":\"https:\/\/idtholistico.com\/#organization\"},\"potentialAction\":[{\"@type\":\"SearchAction\",\"target\":{\"@type\":\"EntryPoint\",\"urlTemplate\":\"https:\/\/idtholistico.com\/?s={search_term_string}\"},\"query-input\":{\"@type\":\"PropertyValueSpecification\",\"valueRequired\":true,\"valueName\":\"search_term_string\"}}],\"inLanguage\":\"es\"},{\"@type\":\"Organization\",\"@id\":\"https:\/\/idtholistico.com\/#organization\",\"name\":\"Impulso de Talentos Holistico\",\"url\":\"https:\/\/idtholistico.com\/\",\"logo\":{\"@type\":\"ImageObject\",\"inLanguage\":\"es\",\"@id\":\"https:\/\/idtholistico.com\/#\/schema\/logo\/image\/\",\"url\":\"https:\/\/idtholistico.com\/wp-content\/uploads\/2025\/10\/LOGO-IDT-NUEVO-2025.png\",\"contentUrl\":\"https:\/\/idtholistico.com\/wp-content\/uploads\/2025\/10\/LOGO-IDT-NUEVO-2025.png\",\"width\":500,\"height\":500,\"caption\":\"Impulso de Talentos Holistico\"},\"image\":{\"@id\":\"https:\/\/idtholistico.com\/#\/schema\/logo\/image\/\"},\"sameAs\":[\"https:\/\/www.tiktok.com\/@impulsodetalentos\",\"https:\/\/www.youtube.com\/@impulsodetalentos\"]}]}<\/script>\n<!-- \/ Yoast SEO plugin. -->","yoast_head_json":{"title":"T\u00e9rminos y condiciones del sitio web IDT HOLISTICO - Impulso de Talentos Holistico","description":"Los t\u00e9rminos y condiciones del sitio web IDT HOLISTICO son cruciales para un uso adecuado. Acepta estas reglas al acceder.","robots":{"index":"index","follow":"follow","max-snippet":"max-snippet:-1","max-image-preview":"max-image-preview:large","max-video-preview":"max-video-preview:-1"},"canonical":"https:\/\/idtholistico.com\/es\/terminos-y-condiciones\/","og_locale":"es_MX","og_type":"article","og_title":"T\u00e9rminos y condiciones del sitio web IDT HOLISTICO - Impulso de Talentos Holistico","og_description":"Los t\u00e9rminos y condiciones del sitio web IDT HOLISTICO son cruciales para un uso adecuado. Acepta estas reglas al acceder.","og_url":"https:\/\/idtholistico.com\/es\/terminos-y-condiciones\/","og_site_name":"Impulso de Talentos Holistico","article_modified_time":"2025-10-12T09:12:29+00:00","schema":{"@context":"https:\/\/schema.org","@graph":[{"@type":"WebPage","@id":"https:\/\/idtholistico.com\/terminos-y-condiciones\/","url":"https:\/\/idtholistico.com\/terminos-y-condiciones\/","name":"T\u00e9rminos y condiciones del sitio web IDT HOLISTICO - Impulso de Talentos Holistico","isPartOf":{"@id":"https:\/\/idtholistico.com\/#website"},"datePublished":"2025-10-03T19:52:29+00:00","dateModified":"2025-10-12T09:12:29+00:00","description":"Los t\u00e9rminos y condiciones del sitio web IDT HOLISTICO son cruciales para un uso adecuado. Acepta estas reglas al acceder.","breadcrumb":{"@id":"https:\/\/idtholistico.com\/terminos-y-condiciones\/#breadcrumb"},"inLanguage":"es","potentialAction":[{"@type":"ReadAction","target":["https:\/\/idtholistico.com\/terminos-y-condiciones\/"]}]},{"@type":"BreadcrumbList","@id":"https:\/\/idtholistico.com\/terminos-y-condiciones\/#breadcrumb","itemListElement":[{"@type":"ListItem","position":1,"name":"Portada","item":"https:\/\/idtholistico.com\/"},{"@type":"ListItem","position":2,"name":"Terminos y condiciones"}]},{"@type":"WebSite","@id":"https:\/\/idtholistico.com\/#website","url":"https:\/\/idtholistico.com\/","name":"www.idtholistico.com","description":"Guiando tu camino hacia el desarrollo personal y espiritual","publisher":{"@id":"https:\/\/idtholistico.com\/#organization"},"potentialAction":[{"@type":"SearchAction","target":{"@type":"EntryPoint","urlTemplate":"https:\/\/idtholistico.com\/?s={search_term_string}"},"query-input":{"@type":"PropertyValueSpecification","valueRequired":true,"valueName":"search_term_string"}}],"inLanguage":"es"},{"@type":"Organization","@id":"https:\/\/idtholistico.com\/#organization","name":"Impulso de Talentos Holistico","url":"https:\/\/idtholistico.com\/","logo":{"@type":"ImageObject","inLanguage":"es","@id":"https:\/\/idtholistico.com\/#\/schema\/logo\/image\/","url":"https:\/\/idtholistico.com\/wp-content\/uploads\/2025\/10\/LOGO-IDT-NUEVO-2025.png","contentUrl":"https:\/\/idtholistico.com\/wp-content\/uploads\/2025\/10\/LOGO-IDT-NUEVO-2025.png","width":500,"height":500,"caption":"Impulso de Talentos Holistico"},"image":{"@id":"https:\/\/idtholistico.com\/#\/schema\/logo\/image\/"},"sameAs":["https:\/\/www.tiktok.com\/@impulsodetalentos","https:\/\/www.youtube.com\/@impulsodetalentos"]}]}},"_hostinger_reach_plugin_has_subscription_block":false,"_hostinger_reach_plugin_is_elementor":false,"_links":{"self":[{"href":"https:\/\/idtholistico.com\/es\/wp-json\/wp\/v2\/pages\/963","targetHints":{"allow":["GET"]}}],"collection":[{"href":"https:\/\/idtholistico.com\/es\/wp-json\/wp\/v2\/pages"}],"about":[{"href":"https:\/\/idtholistico.com\/es\/wp-json\/wp\/v2\/types\/page"}],"author":[{"embeddable":true,"href":"https:\/\/idtholistico.com\/es\/wp-json\/wp\/v2\/users\/1"}],"replies":[{"embeddable":true,"href":"https:\/\/idtholistico.com\/es\/wp-json\/wp\/v2\/comments?post=963"}],"version-history":[{"count":3,"href":"https:\/\/idtholistico.com\/es\/wp-json\/wp\/v2\/pages\/963\/revisions"}],"predecessor-version":[{"id":1732,"href":"https:\/\/idtholistico.com\/es\/wp-json\/wp\/v2\/pages\/963\/revisions\/1732"}],"wp:attachment":[{"href":"https:\/\/idtholistico.com\/es\/wp-json\/wp\/v2\/media?parent=963"}],"curies":[{"name":"wp","href":"https:\/\/api.w.org\/{rel}","templated":true}]}}