{"id":37,"date":"2025-10-05T18:52:21","date_gmt":"2025-10-06T00:52:21","guid":{"rendered":"https:\/\/startersites.io\/blocksy\/barber-shop\/?page_id=37"},"modified":"2025-10-14T17:32:43","modified_gmt":"2025-10-14T23:32:43","slug":"politica-de-reembolso-y-entrega","status":"publish","type":"page","link":"https:\/\/idtholistico.com\/es\/politica-de-reembolso-y-entrega\/","title":{"rendered":"Polit\u00edca de reembolso y entrega"},"content":{"rendered":"<div class=\"wp-block-stackable-heading stk-block-heading stk-block-heading--v2 stk-block stk-add6149\" id=\"span-style-color-var-theme-palette-color-4-1-a-1-e-21-class-stk-highlight-nuestros-datos-span\" data-block-id=\"add6149\"><h2 class=\"stk-block-heading__text\"><span style=\"color: var(--theme-palette-color-4, #1A1E21);\" class=\"stk-highlight\">Nuestros datos<\/span><\/h2><\/div>\n\n\n\n<p>Nuestra pagina: www.idtholistico.com<\/p>\n\n\n\n<div class=\"wp-block-stackable-heading stk-block-heading stk-block-heading--v2 stk-block stk-6ab5edb\" id=\"strong-span-style-color-var-theme-palette-color-4-1-a-1-e-21-class-stk-highlight-1-tasas-y-cargos-span-strong\" data-block-id=\"6ab5edb\"><h2 class=\"stk-block-heading__text\"><strong><span style=\"color: var(--theme-palette-color-4, #1A1E21);\" class=\"stk-highlight\">1. Tasas y cargos<\/span><\/strong><\/h2><\/div>\n\n\n\n<p>Nuestros clientes de <strong>IDT HOLISTICO<\/strong>, puede cancelar en cualquier momento y no se le cobrar\u00e1 nuevamente.<\/p>\n\n\n\n<p>El estudiante al inscribirse en un curso acepta pagar las tarifas del curso (m\u00e1s los recargos aplicables) para el curso utilizando el m\u00e9todo de pago que ha seleccionado en el acuerdo de inscripci\u00f3n al curso. Debe pagar el monto total de las tarifas del curso, incluso si no lo completa.<\/p>\n\n\n\n<div class=\"wp-block-stackable-heading stk-block-heading stk-block-heading--v2 stk-block stk-9406044\" id=\"strong-span-style-color-var-theme-palette-color-4-1-a-1-e-21-class-stk-highlight-2-politica-de-reembolso-span-strong\" data-block-id=\"9406044\"><h2 class=\"stk-block-heading__text\"><strong><span style=\"color: var(--theme-palette-color-4, #1A1E21);\" class=\"stk-highlight\">2. Pol\u00edtica de reembolso<\/span><\/strong><\/h2><\/div>\n\n\n\n<p>Ser\u00e1 elegible para un reembolso completo si&nbsp;<strong>IDT HOLISTICO<\/strong>&nbsp;cancela el curso antes de que haya iniciado sesi\u00f3n para acceder al curso.<\/p>\n\n\n\n<p><strong>IDT HOLISTICO<\/strong> no ofrece reembolsos completos fuera del per\u00edodo de 30 d\u00edas en ninguna circunstancia debido a nuestra importante propiedad intelectual y buena voluntad.&nbsp;<\/p>\n\n\n\n<p>Tambi\u00e9n puede optar por transferirse a un curso diferente si encuentra que el curso elegido no es adecuado.&nbsp;<\/p>\n\n\n\n<h2 class=\"wp-block-heading\"><strong>3. \u00bfC\u00f3mo cancelar o solicitar un reembolso?<\/strong><\/h2>\n\n\n\n<p>Para obtener un reembolso, cont\u00e1ctenos a trav\u00e9s de info@idtholistico.com dentro de los 30 d\u00edas despu\u00e9s de realizar la compra de alg\u00fan curso dentro de nuestro sitio web. Nos reservamos el derecho a denegar reembolsos si, en opini\u00f3n de <strong>IDT HOLISTICO<\/strong>, un usuario ha abusado de los T\u00e9rminos de servicio de este sitio.<\/p>\n\n\n\n<h2 class=\"wp-block-heading\"><h2><strong>Pol\u00edtica de Entrega<\/strong><\/h2><\/h2>\n\n\n\n<p>Para adquirir los cursos expuestos en la plataforma, ser\u00e1 necesario realizar un pago \u00fanico para cada curso. La plataforma permite crear una cuenta de cliente, con la direcci\u00f3n de correo electr\u00f3nico y la contrase\u00f1a que el usuario elija, para facilitar el inicio de sesi\u00f3n y las futuras compras.<\/p>\n\n\n\n<p>Estos datos ser\u00e1n tratados e incorporados a nuestra base de datos, tal como se informa en nuestro apartado de protecci\u00f3n de datos de car\u00e1cter personal contenido en nuestras pol\u00edticas de privacidad.<\/p>\n\n\n\n<p>Para realizar una compra, el usuario deber\u00e1 acceder a un curso y pulsar sobre el bot\u00f3n \u201cComprar o Adquirir\u201d y autom\u00e1ticamente el sistema le redirigir\u00e1 a la p\u00e1gina de pago. El sistema conectar\u00e1 con la pasarela de pago y solicitar\u00e1 al usuario los datos de su tarjeta de Cr\u00e9dito o D\u00e9bito.<\/p>\n\n\n\n<p>Tras confirmarse el cobro por parte de la pasarela de pago se le enviar\u00e1 a la p\u00e1gina de confirmaci\u00f3n de la compra con las indicaciones de acceso a nuestra academia.<\/p>\n\n\n\n<p>Al recibir su pedido, recibir\u00e1 un correo electr\u00f3nico de nuestra parte con los detalles de su compra. Desde ese momento podr\u00e1 acceder al curso comprado. <strong>El acceso al curso desde nuestra plataforma finaliza la entrega de los art\u00edculos que compr\u00f3.<\/strong> En caso de que no pueda acceder o descargar el (los) art\u00edculo (s) que compra o no recibe un correo electr\u00f3nico de nuestra parte con instrucciones para completar el acceso, debe comunicarse con nosotros dentro de los 7 d\u00edas posteriores a la fecha de su pedido. Si no se comunica con nosotros dentro de los 7 d\u00edas posteriores a la fecha de su pedido, los art\u00edculos que compr\u00f3 se considerar\u00e1n recibidos, descargados y entregados.<\/p>\n\n\n\n<h2 class=\"wp-block-heading\">\u00bfNecesitas ayuda?<\/h2>\n\n\n\n<p>Contactanos: nuestro email: info@idtholistico.com o al WhatsApp: 332 927 5332. \u00a1Estamos para apoyarte!<\/p>","protected":false},"excerpt":{"rendered":"<p>Nuestros datos Nuestra pagina: www.idtholistico.com 1. Tasas y cargos Nuestros clientes de IDT HOLISTICO, puede cancelar en cualquier momento y [&hellip;]<\/p>","protected":false},"author":1,"featured_media":0,"parent":0,"menu_order":0,"comment_status":"closed","ping_status":"closed","template":"","meta":{"footnotes":""},"class_list":["post-37","page","type-page","status-publish","hentry"],"blocksy_meta":[],"yoast_head":"<!-- This site is optimized with the Yoast SEO plugin v26.4 - https:\/\/yoast.com\/wordpress\/plugins\/seo\/ -->\n<title>Polit\u00edca de reembolso y entrega - Impulso de Talentos Holistico<\/title>\n<meta name=\"robots\" content=\"index, follow, max-snippet:-1, max-image-preview:large, max-video-preview:-1\" \/>\n<link rel=\"canonical\" href=\"https:\/\/idtholistico.com\/es\/politica-de-reembolso-y-entrega\/\" \/>\n<meta property=\"og:locale\" content=\"es_MX\" \/>\n<meta property=\"og:type\" content=\"article\" \/>\n<meta property=\"og:title\" content=\"Polit\u00edca de reembolso y entrega - Impulso de Talentos Holistico\" \/>\n<meta property=\"og:description\" content=\"Nuestros datos Nuestra pagina: www.idtholistico.com 1. Tasas y cargos Nuestros clientes de IDT HOLISTICO, puede cancelar en cualquier momento y [&hellip;]\" \/>\n<meta property=\"og:url\" content=\"https:\/\/idtholistico.com\/es\/politica-de-reembolso-y-entrega\/\" \/>\n<meta property=\"og:site_name\" content=\"Impulso de Talentos Holistico\" \/>\n<meta property=\"article:modified_time\" content=\"2025-10-14T23:32:43+00:00\" \/>\n<script type=\"application\/ld+json\" class=\"yoast-schema-graph\">{\"@context\":\"https:\/\/schema.org\",\"@graph\":[{\"@type\":\"WebPage\",\"@id\":\"https:\/\/idtholistico.com\/politica-de-reembolso-y-entrega\/\",\"url\":\"https:\/\/idtholistico.com\/politica-de-reembolso-y-entrega\/\",\"name\":\"Polit\u00edca de reembolso y entrega - Impulso de Talentos Holistico\",\"isPartOf\":{\"@id\":\"https:\/\/idtholistico.com\/#website\"},\"datePublished\":\"2025-10-06T00:52:21+00:00\",\"dateModified\":\"2025-10-14T23:32:43+00:00\",\"breadcrumb\":{\"@id\":\"https:\/\/idtholistico.com\/politica-de-reembolso-y-entrega\/#breadcrumb\"},\"inLanguage\":\"es\",\"potentialAction\":[{\"@type\":\"ReadAction\",\"target\":[\"https:\/\/idtholistico.com\/politica-de-reembolso-y-entrega\/\"]}]},{\"@type\":\"BreadcrumbList\",\"@id\":\"https:\/\/idtholistico.com\/politica-de-reembolso-y-entrega\/#breadcrumb\",\"itemListElement\":[{\"@type\":\"ListItem\",\"position\":1,\"name\":\"Portada\",\"item\":\"https:\/\/idtholistico.com\/\"},{\"@type\":\"ListItem\",\"position\":2,\"name\":\"Polit\u00edca de reembolso y entrega\"}]},{\"@type\":\"WebSite\",\"@id\":\"https:\/\/idtholistico.com\/#website\",\"url\":\"https:\/\/idtholistico.com\/\",\"name\":\"www.idtholistico.com\",\"description\":\"Guiando tu camino hacia el desarrollo personal y espiritual\",\"publisher\":{\"@id\":\"https:\/\/idtholistico.com\/#organization\"},\"potentialAction\":[{\"@type\":\"SearchAction\",\"target\":{\"@type\":\"EntryPoint\",\"urlTemplate\":\"https:\/\/idtholistico.com\/?s={search_term_string}\"},\"query-input\":{\"@type\":\"PropertyValueSpecification\",\"valueRequired\":true,\"valueName\":\"search_term_string\"}}],\"inLanguage\":\"es\"},{\"@type\":\"Organization\",\"@id\":\"https:\/\/idtholistico.com\/#organization\",\"name\":\"Impulso de Talentos Holistico\",\"url\":\"https:\/\/idtholistico.com\/\",\"logo\":{\"@type\":\"ImageObject\",\"inLanguage\":\"es\",\"@id\":\"https:\/\/idtholistico.com\/#\/schema\/logo\/image\/\",\"url\":\"https:\/\/idtholistico.com\/wp-content\/uploads\/2025\/10\/LOGO-IDT-NUEVO-2025.png\",\"contentUrl\":\"https:\/\/idtholistico.com\/wp-content\/uploads\/2025\/10\/LOGO-IDT-NUEVO-2025.png\",\"width\":500,\"height\":500,\"caption\":\"Impulso de Talentos Holistico\"},\"image\":{\"@id\":\"https:\/\/idtholistico.com\/#\/schema\/logo\/image\/\"},\"sameAs\":[\"https:\/\/www.tiktok.com\/@impulsodetalentos\",\"https:\/\/www.youtube.com\/@impulsodetalentos\"]}]}<\/script>\n<!-- \/ Yoast SEO plugin. -->","yoast_head_json":{"title":"Polit\u00edca de reembolso y entrega - Impulso de Talentos Holistico","robots":{"index":"index","follow":"follow","max-snippet":"max-snippet:-1","max-image-preview":"max-image-preview:large","max-video-preview":"max-video-preview:-1"},"canonical":"https:\/\/idtholistico.com\/es\/politica-de-reembolso-y-entrega\/","og_locale":"es_MX","og_type":"article","og_title":"Polit\u00edca de reembolso y entrega - Impulso de Talentos Holistico","og_description":"Nuestros datos Nuestra pagina: www.idtholistico.com 1. Tasas y cargos Nuestros clientes de IDT HOLISTICO, puede cancelar en cualquier momento y [&hellip;]","og_url":"https:\/\/idtholistico.com\/es\/politica-de-reembolso-y-entrega\/","og_site_name":"Impulso de Talentos Holistico","article_modified_time":"2025-10-14T23:32:43+00:00","schema":{"@context":"https:\/\/schema.org","@graph":[{"@type":"WebPage","@id":"https:\/\/idtholistico.com\/politica-de-reembolso-y-entrega\/","url":"https:\/\/idtholistico.com\/politica-de-reembolso-y-entrega\/","name":"Polit\u00edca de reembolso y entrega - Impulso de Talentos Holistico","isPartOf":{"@id":"https:\/\/idtholistico.com\/#website"},"datePublished":"2025-10-06T00:52:21+00:00","dateModified":"2025-10-14T23:32:43+00:00","breadcrumb":{"@id":"https:\/\/idtholistico.com\/politica-de-reembolso-y-entrega\/#breadcrumb"},"inLanguage":"es","potentialAction":[{"@type":"ReadAction","target":["https:\/\/idtholistico.com\/politica-de-reembolso-y-entrega\/"]}]},{"@type":"BreadcrumbList","@id":"https:\/\/idtholistico.com\/politica-de-reembolso-y-entrega\/#breadcrumb","itemListElement":[{"@type":"ListItem","position":1,"name":"Portada","item":"https:\/\/idtholistico.com\/"},{"@type":"ListItem","position":2,"name":"Polit\u00edca de reembolso y entrega"}]},{"@type":"WebSite","@id":"https:\/\/idtholistico.com\/#website","url":"https:\/\/idtholistico.com\/","name":"www.idtholistico.com","description":"Guiando tu camino hacia el desarrollo personal y espiritual","publisher":{"@id":"https:\/\/idtholistico.com\/#organization"},"potentialAction":[{"@type":"SearchAction","target":{"@type":"EntryPoint","urlTemplate":"https:\/\/idtholistico.com\/?s={search_term_string}"},"query-input":{"@type":"PropertyValueSpecification","valueRequired":true,"valueName":"search_term_string"}}],"inLanguage":"es"},{"@type":"Organization","@id":"https:\/\/idtholistico.com\/#organization","name":"Impulso de Talentos Holistico","url":"https:\/\/idtholistico.com\/","logo":{"@type":"ImageObject","inLanguage":"es","@id":"https:\/\/idtholistico.com\/#\/schema\/logo\/image\/","url":"https:\/\/idtholistico.com\/wp-content\/uploads\/2025\/10\/LOGO-IDT-NUEVO-2025.png","contentUrl":"https:\/\/idtholistico.com\/wp-content\/uploads\/2025\/10\/LOGO-IDT-NUEVO-2025.png","width":500,"height":500,"caption":"Impulso de Talentos Holistico"},"image":{"@id":"https:\/\/idtholistico.com\/#\/schema\/logo\/image\/"},"sameAs":["https:\/\/www.tiktok.com\/@impulsodetalentos","https:\/\/www.youtube.com\/@impulsodetalentos"]}]}},"_hostinger_reach_plugin_has_subscription_block":false,"_hostinger_reach_plugin_is_elementor":false,"_links":{"self":[{"href":"https:\/\/idtholistico.com\/es\/wp-json\/wp\/v2\/pages\/37","targetHints":{"allow":["GET"]}}],"collection":[{"href":"https:\/\/idtholistico.com\/es\/wp-json\/wp\/v2\/pages"}],"about":[{"href":"https:\/\/idtholistico.com\/es\/wp-json\/wp\/v2\/types\/page"}],"author":[{"embeddable":true,"href":"https:\/\/idtholistico.com\/es\/wp-json\/wp\/v2\/users\/1"}],"replies":[{"embeddable":true,"href":"https:\/\/idtholistico.com\/es\/wp-json\/wp\/v2\/comments?post=37"}],"version-history":[{"count":2,"href":"https:\/\/idtholistico.com\/es\/wp-json\/wp\/v2\/pages\/37\/revisions"}],"predecessor-version":[{"id":1799,"href":"https:\/\/idtholistico.com\/es\/wp-json\/wp\/v2\/pages\/37\/revisions\/1799"}],"wp:attachment":[{"href":"https:\/\/idtholistico.com\/es\/wp-json\/wp\/v2\/media?parent=37"}],"curies":[{"name":"wp","href":"https:\/\/api.w.org\/{rel}","templated":true}]}}